{"id":44,"date":"2024-01-04T17:27:35","date_gmt":"2024-01-04T16:27:35","guid":{"rendered":"http:\/\/nmbcpmj.cluster029.hosting.ovh.net\/?page_id=44"},"modified":"2025-08-29T09:31:49","modified_gmt":"2025-08-29T07:31:49","slug":"mentions-legales","status":"publish","type":"page","link":"https:\/\/courtiassur.fr\/index.php\/accueil\/mentions-legales\/","title":{"rendered":"Mentions L\u00e9gales"},"content":{"rendered":"\n<p><\/p>\n\n\n\n<p><strong>D\u00e9finitions<\/strong><\/p>\n\n\n\n<p><strong>Client :<\/strong> tout professionnel ou personne physique capable au sens des articles 1123 et suivants du Code civil, ou personne morale, qui visite le Site objet des pr\u00e9sentes conditions g\u00e9n\u00e9rales.<br><strong>Prestations et Services :<\/strong> <a href=\"http:\/\/www.courtiassur.fr\">www.courtiassur.fr<\/a> met \u00e0 disposition des Clients :<\/p>\n\n\n\n<p><strong>Contenu :<\/strong> Ensemble des \u00e9l\u00e9ments constituants l\u2019information pr\u00e9sente sur le Site, notamment textes \u2013 images \u2013 vid\u00e9os.<\/p>\n\n\n\n<p><strong>Informations clients :<\/strong> Ci apr\u00e8s d\u00e9nomm\u00e9 \u00ab Information (s) \u00bb qui correspondent \u00e0 l\u2019ensemble des donn\u00e9es personnelles susceptibles d\u2019\u00eatre d\u00e9tenues par <a href=\"http:\/\/www.courtiassur.fr\">www.courtiassur.fr<\/a> pour la gestion de votre compte, de la gestion de la relation client et \u00e0 des fins d\u2019analyses et de statistiques.<\/p>\n\n\n\n<p><strong>Utilisateur :<\/strong> Internaute se connectant, utilisant le site susnomm\u00e9.<\/p>\n\n\n\n<p><strong>Informations personnelles :<\/strong> \u00ab Les informations qui permettent, sous quelque forme que ce soit, directement ou non, l\u2019identification des personnes physiques auxquelles elles s\u2019appliquent \u00bb (article 4 de la loi n\u00b0 78-17 du 6 janvier 1978).<\/p>\n\n\n\n<p>Les termes \u00ab donn\u00e9es \u00e0 caract\u00e8re personnel \u00bb, \u00ab personne concern\u00e9e \u00bb, \u00ab sous traitant \u00bb et \u00ab donn\u00e9es sensibles \u00bb ont le sens d\u00e9fini par le R\u00e8glement G\u00e9n\u00e9ral sur la Protection des Donn\u00e9es (RGPD : n\u00b0 2016-679)<\/p>\n\n\n\n<h5 class=\"wp-block-heading\"><strong>1. Pr\u00e9sentation du site internet<\/strong><\/h5>\n\n\n\n<p>En vertu de l\u2019article 6 de la loi n\u00b0 2004-575 du 21 juin 2004 pour la confiance dans l\u2019\u00e9conomie num\u00e9rique, il est pr\u00e9cis\u00e9 aux utilisateurs du site internet <a href=\"http:\/\/www.courtiassur.fr\">www.courtiassur.fr<\/a> l\u2019identit\u00e9 des diff\u00e9rents intervenants dans le cadre de sa r\u00e9alisation et de son suivi:<\/p>\n\n\n\n<p><strong>Propri\u00e9taire<\/strong> : EURL COURTI ASSUR au Capital social de 1 000\u20ac , RCS 949 765 655 de Versailles &#8211; Num\u00e9ro de TVA: FR62949765655. \u2013 46 RUE DE LA CHABOURNE 78320 LE MESNIL SAINT DENIS<\/p>\n\n\n\n<p><strong>Responsable publication<\/strong> : AXEL COURTINARD \u2013 contact@courtiassur.fr<br>Le responsable publication est une personne physique ou une personne morale.<br><strong>Webmaster<\/strong> : AXEL COURTINARD \u2013 contact@courtiassur.fr<br><strong>H\u00e9bergeur<\/strong> : ovh \u2013 2 rue Kellermann 59100 Roubaix 1007<br><strong>D\u00e9l\u00e9gu\u00e9 \u00e0 la protection des donn\u00e9es<\/strong> : AXEL COURTINARD \u2013 <a href=\"mailto:contact@courtiassur.fr\">contact@courtiassur.fr<\/a><\/p>\n\n\n\n<p>H\u00e9bergeur du site : OVH<\/p>\n\n\n\n<p>H\u00e9bergeur formulaire de contact : Lya Protect<\/p>\n\n\n\n<p>Site d\u2019actualit\u00e9 mentionn\u00e9s : L&rsquo;argus de l&rsquo;assurance<\/p>\n\n\n\n<p>Partenaires mentionn\u00e9s : ASAF &amp; AFPS, Alptis, April, Apicil, MetLife, Hodeva, SwissLife, Henner, Utwin, Neoliane, Spring Assur, Klarity, Generali, Ilona, Harmonie Mutuelle<\/p>\n\n\n\n<h5 class=\"wp-block-heading\">2. <strong>Pr\u00e9sentation de l\u2019entreprise<\/strong><\/h5>\n\n\n\n<p>Monsieur Courtinard Axel propri\u00e9taire de l&rsquo;entreprise COURTI ASSUR situ\u00e9 au 46 rue de la Chabourne 78320 LE MESNIL SAINT DENIS.<\/p>\n\n\n\n<p>Activit\u00e9 de l&rsquo;entreprise : Courtier en assurances.<\/p>\n\n\n\n<p>Immatricul\u00e9 au RCS Versailles &#8211; EURL au Capital de 1 000\u20ac &#8211; SIREN 949 765 655 &#8211; NAF 6622Z &#8211; TVA intracommunautaire FR62949765655.<\/p>\n\n\n\n<p>T\u00e9l\u00e9phone : 01 85 40 01 04<\/p>\n\n\n\n<p>Mail : <a href=\"mailto:contact@courtiassur.fr\" target=\"_blank\" rel=\"noreferrer noopener\">contact@courtiassur.fr<\/a><\/p>\n\n\n\n<p>Orias (Organisme pour le registre unique des interm\u00e9diaires en assurance, banque et finance) :<\/p>\n\n\n\n<p>Num\u00e9ro d&rsquo;Orias de COURTI ASSUR : &nbsp;23002515<\/p>\n\n\n\n<p>Mail r\u00e9clamation : <a href=\"mailto:reclamation@courtiassur.fr\" target=\"_blank\" rel=\"noreferrer noopener\">reclamation@courtiassur.fr<\/a><\/p>\n\n\n\n<p>Site web : <a href=\"https:\/\/www.orias.fr\/\" target=\"_blank\" rel=\"noreferrer noopener\">https:\/\/www.orias.fr\/<\/a>&nbsp;<\/p>\n\n\n\n<p>ACPR (Autorit\u00e9 de contr\u00f4le prudentiel et de r\u00e9solution) :<br>Adresse : 4 Place de Budapest CS 92459 75436 PARIS CEDEX 09<br>T\u00e9l\u00e9phone 01 49 95 40 00<br>Site web : <a href=\"https:\/\/acpr.banque-france.fr\/\" target=\"_blank\" rel=\"noreferrer noopener\">https:\/\/acpr.banque-france.fr\/<\/a>&nbsp;<\/p>\n\n\n\n<p>Coordonn\u00e9es de mon m\u00e9diateur d&rsquo;assurance : La M\u00e9diation de l\u2019assurance \u2013 TSA 50110 \u2013 75441 PARIS CEDEX 09&nbsp;<\/p>\n\n\n\n<p>Lien vers le site du m\u00e9diateur : <a href=\"https:\/\/www.mediation-assurance.org\/\" target=\"_blank\" rel=\"noreferrer noopener\">https:\/\/www.mediation-assurance.org\/<\/a><\/p>\n\n\n\n<h5 class=\"wp-block-heading\">3. <strong>Conditions g\u00e9n\u00e9rales d\u2019utilisation du site et des services propos\u00e9s<\/strong><\/h5>\n\n\n\n<p>Le Site constitue une \u0153uvre de l\u2019esprit prot\u00e9g\u00e9e par les dispositions du Code de la Propri\u00e9t\u00e9 Intellectuelle et des R\u00e9glementations Internationales applicables.<br>Le Client ne peut en aucune mani\u00e8re r\u00e9utiliser, c\u00e9der ou exploiter pour son propre compte tout ou partie des \u00e9l\u00e9ments ou travaux du Site.<\/p>\n\n\n\n<p>L\u2019utilisation du site <a href=\"http:\/\/www.courtiassur.fr\">www.courtiassur.fr<\/a> implique l\u2019acceptation pleine et enti\u00e8re des conditions g\u00e9n\u00e9rales d\u2019utilisation ci-apr\u00e8s d\u00e9crites. Ces conditions d\u2019utilisation sont susceptibles d\u2019\u00eatre modifi\u00e9es ou compl\u00e9t\u00e9es \u00e0 tout moment, les utilisateurs du site <a href=\"http:\/\/www.courtiassur.fr\">www.courtiassur.fr<\/a> sont donc invit\u00e9s \u00e0 les consulter de mani\u00e8re r\u00e9guli\u00e8re.<\/p>\n\n\n\n<p>Ce site internet est normalement accessible \u00e0 tout moment aux utilisateurs. Une interruption pour raison de maintenance technique peut \u00eatre toutefois d\u00e9cid\u00e9e par <a href=\"http:\/\/www.courtiassur.fr\">www.courtiassur.fr<\/a>, qui s\u2019efforcera alors de communiquer pr\u00e9alablement aux utilisateurs les dates et heures de l\u2019intervention.<br>Le site web <a href=\"http:\/\/www.courtiassur.fr\">www.courtiassur.fr<\/a> est mis \u00e0 jour r\u00e9guli\u00e8rement par <a href=\"http:\/\/www.courtiassur.fr\">www.courtiassur.fr<\/a> responsable. De la m\u00eame fa\u00e7on, les mentions l\u00e9gales peuvent \u00eatre modifi\u00e9es \u00e0 tout moment : elles s\u2019imposent n\u00e9anmoins \u00e0 l\u2019utilisateur qui est invit\u00e9 \u00e0 s\u2019y r\u00e9f\u00e9rer le plus souvent possible afin d\u2019en prendre connaissance.<\/p>\n\n\n\n<h5 class=\"wp-block-heading\">4. <strong>Description des services fournis<\/strong><\/h5>\n\n\n\n<p>Le site internet <a href=\"http:\/\/www.courtiassur.fr\">www.courtiassur.fr<\/a> a pour objet de fournir une information concernant l\u2019ensemble des activit\u00e9s de la soci\u00e9t\u00e9.<br><a href=\"http:\/\/www.courtiassur.fr\">www.courtiassur.fr<\/a> s\u2019efforce de fournir sur le site <a href=\"http:\/\/www.courtiassur.fr\">www.courtiassur.fr<\/a> des informations aussi pr\u00e9cises que possible. Toutefois, il ne pourra \u00eatre tenu responsable des oublis, des inexactitudes et des carences dans la mise \u00e0 jour, qu\u2019elles soient de son fait ou du fait des tiers partenaires qui lui fournissent ces informations.<\/p>\n\n\n\n<p>Toutes les informations indiqu\u00e9es sur le site <a href=\"http:\/\/www.courtiassur.fr\">www.courtiassur.fr<\/a> sont donn\u00e9es \u00e0 titre indicatif, et sont susceptibles d\u2019\u00e9voluer. Par ailleurs, les renseignements figurant sur le site <a href=\"http:\/\/www.courtiassur.fr\">www.courtiassur.fr<\/a> ne sont pas exhaustifs. Ils sont donn\u00e9s sous r\u00e9serve de modifications ayant \u00e9t\u00e9 apport\u00e9es depuis leur mise en ligne.<\/p>\n\n\n\n<h5 class=\"wp-block-heading\">5. <strong>Propri\u00e9t\u00e9 intellectuelle et contrefa\u00e7ons<\/strong><\/h5>\n\n\n\n<p><a href=\"http:\/\/www.courtiassur.fr\">www.courtiassur.fr<\/a> est propri\u00e9taire des droits de propri\u00e9t\u00e9 intellectuelle et d\u00e9tient les droits d\u2019usage sur tous les \u00e9l\u00e9ments accessibles sur le site internet, notamment les textes, images, graphismes, logos, vid\u00e9os, ic\u00f4nes et sons.<br>Toute reproduction, repr\u00e9sentation, modification, publication, adaptation de tout ou partie des \u00e9l\u00e9ments du site, quel que soit le moyen ou le proc\u00e9d\u00e9 utilis\u00e9, est interdite, sauf autorisation \u00e9crite pr\u00e9alable de : <a href=\"http:\/\/www.courtiassur.fr\">www.courtiassur.fr<\/a><\/p>\n\n\n\n<p>Toute exploitation non autoris\u00e9e du site ou de l\u2019un quelconque des \u00e9l\u00e9ments qu\u2019il contient sera consid\u00e9r\u00e9e comme constitutive d\u2019une contrefa\u00e7on et poursuivie conform\u00e9ment aux dispositions des articles L.335-2 et suivants du Code de Propri\u00e9t\u00e9 Intellectuelle.<\/p>\n\n\n\n<h5 class=\"wp-block-heading\">6. <strong>Limitations de responsabilit\u00e9<\/strong><\/h5>\n\n\n\n<p><a href=\"http:\/\/www.courtiassur.fr\">www.courtiassur.fr<\/a> agit en tant qu\u2019\u00e9diteur du site. <a href=\"http:\/\/www.courtiassur.fr\">www.courtiassur.fr<\/a> est responsable de la qualit\u00e9 et de la v\u00e9racit\u00e9 du Contenu qu\u2019il publie.<\/p>\n\n\n\n<p><a href=\"http:\/\/www.courtiassur.fr\">www.courtiassur.fr<\/a> ne pourra \u00eatre tenu responsable des dommages directs et indirects caus\u00e9s au mat\u00e9riel de l\u2019utilisateur, lors de l\u2019acc\u00e8s au site internet <a href=\"http:\/\/www.courtiassur.fr\">www.courtiassur.fr<\/a>, et r\u00e9sultant soit de l\u2019utilisation d\u2019un mat\u00e9riel ne r\u00e9pondant pas aux sp\u00e9cifications indiqu\u00e9es au point 4, soit de l\u2019apparition d\u2019un bug ou d\u2019une incompatibilit\u00e9.<\/p>\n\n\n\n<p><a href=\"http:\/\/www.courtiassur.fr\">www.courtiassur.fr<\/a> ne pourra \u00e9galement \u00eatre tenu responsable des dommages indirects (tels par exemple qu\u2019une perte de march\u00e9 ou perte d\u2019une chance) cons\u00e9cutifs \u00e0 l\u2019utilisation du site <a href=\"http:\/\/www.courtiassur.fr\">www.courtiassur.fr<\/a>.<br>Des espaces interactifs (possibilit\u00e9 de poser des questions dans l\u2019espace contact) sont \u00e0 la disposition des utilisateurs. <a href=\"http:\/\/www.courtiassur.fr\">www.courtiassur.fr<\/a> se r\u00e9serve le droit de supprimer, sans mise en demeure pr\u00e9alable, tout contenu d\u00e9pos\u00e9 dans cet espace qui contreviendrait \u00e0 la l\u00e9gislation applicable en France, en particulier aux dispositions relatives \u00e0 la protection des donn\u00e9es. Le cas \u00e9ch\u00e9ant, <a href=\"http:\/\/www.courtiassur.fr\">www.courtiassur.fr<\/a> se r\u00e9serve \u00e9galement la possibilit\u00e9 de mettre en cause la responsabilit\u00e9 civile et\/ou p\u00e9nale de l\u2019utilisateur, notamment en cas de message \u00e0 caract\u00e8re raciste, injurieux, diffamant, ou pornographique, quel que soit le support utilis\u00e9 (texte, photographie \u2026).<\/p>\n\n\n\n<p><\/p>\n\n\n\n<p><strong>7<\/strong>. <strong>Droit applicable et attribution de juridiction<\/strong><\/p>\n\n\n\n<p>Tout litige en relation avec l\u2019utilisation du site <a href=\"http:\/\/www.courtiassur.fr\">www.courtiassur.fr<\/a> est soumis au droit fran\u00e7ais.<br>En dehors des cas o\u00f9 la loi ne le permet pas, il est fait attribution exclusive de juridiction aux tribunaux comp\u00e9tents de Versailles<\/p>\n\n\n\n<p><strong>8. RGPD<\/strong> &#8211; <strong>Protection des donn\u00e9es personnelles<\/strong><\/p>\n\n\n\n<p>COURTI ASSUR porte une attention particuli\u00e8re \u00e0 la protection de la vie priv\u00e9e de ses utilisateurs et s\u2019engage par cons\u00e9quent \u00e0 prendre les pr\u00e9cautions raisonnables requises pour prot\u00e9ger les donn\u00e9es \u00e0 caract\u00e8re personnel r\u00e9colt\u00e9es contre la perte, le vol, la divulgation ou l\u2019utilisation non autoris\u00e9e.<\/p>\n\n\n\n<p>Les \u00ab&nbsp;donn\u00e9es \u00e0 caract\u00e8re personnel&nbsp;\u00bb sont d\u00e9finies comme toutes les donn\u00e9es \u00e0 caract\u00e8re personnel qui concernent l\u2019utilisateur, c\u2019est-\u00e0-dire toute information qui permet de l\u2019identifier directement ou indirectement en tant que personne physique.<\/p>\n\n\n\n<p>La Politique vie priv\u00e9e de COURTI ASSUR est accessible sur notre site web <strong>www.courtiassur.fr<\/strong>.<\/p>\n\n\n\n<p>Si vous souhaitez r\u00e9agir \u00e0 l&rsquo;une des pratiques de notre agence, vous pouvez contacter le responsable de traitement \u00e0 l&rsquo;adresse postale ou \u00e0 l&rsquo;adresse email pr\u00e9cis\u00e9es ci-dessous&nbsp;:<\/p>\n\n\n\n<p><strong>contact@courtiassur.fr<\/strong><\/p>\n\n\n\n<p><\/p>\n","protected":false},"excerpt":{"rendered":"<p>D\u00e9finitions Client : tout professionnel ou personne physique capable au sens des articles 1123 et suivants du Code civil, ou [&hellip;]<\/p>\n","protected":false},"author":1,"featured_media":0,"parent":2,"menu_order":5,"comment_status":"closed","ping_status":"closed","template":"","meta":{"site-sidebar-layout":"default","site-content-layout":"","ast-site-content-layout":"","site-content-style":"default","site-sidebar-style":"default","ast-global-header-display":"","ast-banner-title-visibility":"","ast-main-header-display":"","ast-hfb-above-header-display":"","ast-hfb-below-header-display":"","ast-hfb-mobile-header-display":"","site-post-title":"","ast-breadcrumbs-content":"","ast-featured-img":"","footer-sml-layout":"","theme-transparent-header-meta":"","adv-header-id-meta":"","stick-header-meta":"","header-above-stick-meta":"","header-main-stick-meta":"","header-below-stick-meta":"","astra-migrate-meta-layouts":"default","ast-page-background-enabled":"default","ast-page-background-meta":{"desktop":{"background-color":"var(--ast-global-color-4)","background-image":"","background-repeat":"repeat","background-position":"center center","background-size":"auto","background-attachment":"scroll","background-type":"","background-media":"","overlay-type":"","overlay-color":"","overlay-gradient":""},"tablet":{"background-color":"","background-image":"","background-repeat":"repeat","background-position":"center center","background-size":"auto","background-attachment":"scroll","background-type":"","background-media":"","overlay-type":"","overlay-color":"","overlay-gradient":""},"mobile":{"background-color":"","background-image":"","background-repeat":"repeat","background-position":"center center","background-size":"auto","background-attachment":"scroll","background-type":"","background-media":"","overlay-type":"","overlay-color":"","overlay-gradient":""}},"ast-content-background-meta":{"desktop":{"background-color":"var(--ast-global-color-5)","background-image":"","background-repeat":"repeat","background-position":"center center","background-size":"auto","background-attachment":"scroll","background-type":"","background-media":"","overlay-type":"","overlay-color":"","overlay-gradient":""},"tablet":{"background-color":"var(--ast-global-color-5)","background-image":"","background-repeat":"repeat","background-position":"center center","background-size":"auto","background-attachment":"scroll","background-type":"","background-media":"","overlay-type":"","overlay-color":"","overlay-gradient":""},"mobile":{"background-color":"var(--ast-global-color-5)","background-image":"","background-repeat":"repeat","background-position":"center center","background-size":"auto","background-attachment":"scroll","background-type":"","background-media":"","overlay-type":"","overlay-color":"","overlay-gradient":""}},"footnotes":""},"class_list":["post-44","page","type-page","status-publish","hentry"],"jetpack_sharing_enabled":true,"_links":{"self":[{"href":"https:\/\/courtiassur.fr\/index.php\/wp-json\/wp\/v2\/pages\/44","targetHints":{"allow":["GET"]}}],"collection":[{"href":"https:\/\/courtiassur.fr\/index.php\/wp-json\/wp\/v2\/pages"}],"about":[{"href":"https:\/\/courtiassur.fr\/index.php\/wp-json\/wp\/v2\/types\/page"}],"author":[{"embeddable":true,"href":"https:\/\/courtiassur.fr\/index.php\/wp-json\/wp\/v2\/users\/1"}],"replies":[{"embeddable":true,"href":"https:\/\/courtiassur.fr\/index.php\/wp-json\/wp\/v2\/comments?post=44"}],"version-history":[{"count":21,"href":"https:\/\/courtiassur.fr\/index.php\/wp-json\/wp\/v2\/pages\/44\/revisions"}],"predecessor-version":[{"id":808,"href":"https:\/\/courtiassur.fr\/index.php\/wp-json\/wp\/v2\/pages\/44\/revisions\/808"}],"up":[{"embeddable":true,"href":"https:\/\/courtiassur.fr\/index.php\/wp-json\/wp\/v2\/pages\/2"}],"wp:attachment":[{"href":"https:\/\/courtiassur.fr\/index.php\/wp-json\/wp\/v2\/media?parent=44"}],"curies":[{"name":"wp","href":"https:\/\/api.w.org\/{rel}","templated":true}]}}