{"id":382,"date":"2024-01-08T10:01:14","date_gmt":"2024-01-08T09:01:14","guid":{"rendered":"http:\/\/courtiassur.fr\/?page_id=382"},"modified":"2025-08-28T11:26:29","modified_gmt":"2025-08-28T09:26:29","slug":"garantie-accident-de-la-vie","status":"publish","type":"page","link":"https:\/\/courtiassur.fr\/index.php\/accueil\/les-produits-dassurances\/garantie-accident-de-la-vie\/","title":{"rendered":"Garantie Accident de la Vie"},"content":{"rendered":"\n<figure class=\"wp-block-image aligncenter size-full is-resized\"><img loading=\"lazy\" decoding=\"async\" width=\"2000\" height=\"1333\" src=\"https:\/\/courtiassur.fr\/wp-content\/uploads\/2025\/08\/959.jpg\" alt=\"\" class=\"wp-image-643\" style=\"width:485px;height:auto\" srcset=\"https:\/\/courtiassur.fr\/wp-content\/uploads\/2025\/08\/959.jpg 2000w, https:\/\/courtiassur.fr\/wp-content\/uploads\/2025\/08\/959-300x200.jpg 300w, https:\/\/courtiassur.fr\/wp-content\/uploads\/2025\/08\/959-1024x682.jpg 1024w, https:\/\/courtiassur.fr\/wp-content\/uploads\/2025\/08\/959-768x512.jpg 768w, https:\/\/courtiassur.fr\/wp-content\/uploads\/2025\/08\/959-1536x1024.jpg 1536w\" sizes=\"auto, (max-width: 2000px) 100vw, 2000px\" \/><\/figure>\n\n\n\n<h3 class=\"wp-block-heading\"><strong>Qu\u2019est-ce que la Garantie Accidents de la Vie ?<\/strong><\/h3>\n\n\n\n<p>La Garantie Accidents de la Vie est une assurance qui prot\u00e8ge les assur\u00e9s contre les cons\u00e9quences des accidents de la vie quotidienne, qu\u2019ils soient domestiques, sportifs, m\u00e9dicaux ou li\u00e9s \u00e0 des catastrophes naturelles. Elle intervient&nbsp;<strong>en compl\u00e9ment des assurances classiques<\/strong>, souvent limit\u00e9es dans leurs indemnisations.<\/p>\n\n\n\n<div style=\"height:20px\" aria-hidden=\"true\" class=\"wp-block-spacer\"><\/div>\n\n\n\n<h3 class=\"wp-block-heading\"><strong>Pour qui ?<\/strong><\/h3>\n\n\n\n<ul class=\"wp-block-list\">\n<li>Les familles avec enfants<\/li>\n\n\n\n<li>Les seniors<\/li>\n\n\n\n<li>Les personnes actives ou sportives<\/li>\n\n\n\n<li>Toute personne souhaitant une&nbsp;<strong>protection renforc\u00e9e<\/strong>&nbsp;en cas d\u2019accident non couvert par la S\u00e9curit\u00e9 sociale ou les assurances obligatoires<\/li>\n<\/ul>\n\n\n\n<div style=\"height:20px\" aria-hidden=\"true\" class=\"wp-block-spacer\"><\/div>\n\n\n\n<h3 class=\"wp-block-heading\"><strong>Quels types d\u2019accidents sont couverts ?<\/strong><\/h3>\n\n\n\n<ul class=\"wp-block-list\">\n<li>Chutes \u00e0 domicile ou dans la rue<\/li>\n\n\n\n<li>Accidents de bricolage ou jardinage<\/li>\n\n\n\n<li>Accidents li\u00e9s \u00e0 des activit\u00e9s sportives ou de loisirs<\/li>\n\n\n\n<li>Accidents m\u00e9dicaux (erreurs ou al\u00e9as th\u00e9rapeutiques)<\/li>\n\n\n\n<li>Accidents dus \u00e0 des catastrophes naturelles ou technologiques<\/li>\n<\/ul>\n\n\n\n<div style=\"height:20px\" aria-hidden=\"true\" class=\"wp-block-spacer\"><\/div>\n\n\n\n<h3 class=\"wp-block-heading\"><strong>Quels sont les b\u00e9n\u00e9fices ?<\/strong><\/h3>\n\n\n\n<ul class=\"wp-block-list\">\n<li><strong>Indemnisation rapide et forfaitaire<\/strong>&nbsp;en cas d\u2019invalidit\u00e9 ou de d\u00e9c\u00e8s<\/li>\n\n\n\n<li>Prise en charge des&nbsp;<strong>frais d\u2019am\u00e9nagement du domicile<\/strong>&nbsp;ou du v\u00e9hicule<\/li>\n\n\n\n<li>Soutien psychologique et accompagnement social<\/li>\n\n\n\n<li>Remboursement des&nbsp;<strong>pertes de revenus<\/strong>&nbsp;ou des frais li\u00e9s \u00e0 l\u2019aide \u00e0 domicile<\/li>\n<\/ul>\n\n\n\n<div style=\"height:20px\" aria-hidden=\"true\" class=\"wp-block-spacer\"><\/div>\n\n\n\n<h3 class=\"wp-block-heading\"><strong>Besoin d\u2019un conseil ?<\/strong><\/h3>\n\n\n\n<p><a href=\"https:\/\/courtiassur.fr\/index.php\/accueil\/contact\/\" data-type=\"page\" data-id=\"46\">Contactez-nous<\/a> pour une\u00a0<strong>\u00e9tude gratuite<\/strong>\u00a0de votre situation et d\u00e9couvrez comment la GAV peut vous prot\u00e9ger efficacement.<\/p>\n\n\n\n<p><\/p>\n","protected":false},"excerpt":{"rendered":"<p>Qu\u2019est-ce que la Garantie Accidents de la Vie ? La Garantie Accidents de la Vie est une assurance qui prot\u00e8ge [&hellip;]<\/p>\n","protected":false},"author":1,"featured_media":0,"parent":42,"menu_order":0,"comment_status":"closed","ping_status":"closed","template":"","meta":{"site-sidebar-layout":"default","site-content-layout":"","ast-site-content-layout":"","site-content-style":"default","site-sidebar-style":"default","ast-global-header-display":"","ast-banner-title-visibility":"","ast-main-header-display":"","ast-hfb-above-header-display":"","ast-hfb-below-header-display":"","ast-hfb-mobile-header-display":"","site-post-title":"","ast-breadcrumbs-content":"","ast-featured-img":"","footer-sml-layout":"","theme-transparent-header-meta":"","adv-header-id-meta":"","stick-header-meta":"","header-above-stick-meta":"","header-main-stick-meta":"","header-below-stick-meta":"","astra-migrate-meta-layouts":"default","ast-page-background-enabled":"default","ast-page-background-meta":{"desktop":{"background-color":"var(--ast-global-color-4)","background-image":"","background-repeat":"repeat","background-position":"center center","background-size":"auto","background-attachment":"scroll","background-type":"","background-media":"","overlay-type":"","overlay-color":"","overlay-gradient":""},"tablet":{"background-color":"","background-image":"","background-repeat":"repeat","background-position":"center center","background-size":"auto","background-attachment":"scroll","background-type":"","background-media":"","overlay-type":"","overlay-color":"","overlay-gradient":""},"mobile":{"background-color":"","background-image":"","background-repeat":"repeat","background-position":"center center","background-size":"auto","background-attachment":"scroll","background-type":"","background-media":"","overlay-type":"","overlay-color":"","overlay-gradient":""}},"ast-content-background-meta":{"desktop":{"background-color":"var(--ast-global-color-5)","background-image":"","background-repeat":"repeat","background-position":"center center","background-size":"auto","background-attachment":"scroll","background-type":"","background-media":"","overlay-type":"","overlay-color":"","overlay-gradient":""},"tablet":{"background-color":"var(--ast-global-color-5)","background-image":"","background-repeat":"repeat","background-position":"center center","background-size":"auto","background-attachment":"scroll","background-type":"","background-media":"","overlay-type":"","overlay-color":"","overlay-gradient":""},"mobile":{"background-color":"var(--ast-global-color-5)","background-image":"","background-repeat":"repeat","background-position":"center center","background-size":"auto","background-attachment":"scroll","background-type":"","background-media":"","overlay-type":"","overlay-color":"","overlay-gradient":""}},"footnotes":""},"class_list":["post-382","page","type-page","status-publish","hentry"],"jetpack_sharing_enabled":true,"_links":{"self":[{"href":"https:\/\/courtiassur.fr\/index.php\/wp-json\/wp\/v2\/pages\/382","targetHints":{"allow":["GET"]}}],"collection":[{"href":"https:\/\/courtiassur.fr\/index.php\/wp-json\/wp\/v2\/pages"}],"about":[{"href":"https:\/\/courtiassur.fr\/index.php\/wp-json\/wp\/v2\/types\/page"}],"author":[{"embeddable":true,"href":"https:\/\/courtiassur.fr\/index.php\/wp-json\/wp\/v2\/users\/1"}],"replies":[{"embeddable":true,"href":"https:\/\/courtiassur.fr\/index.php\/wp-json\/wp\/v2\/comments?post=382"}],"version-history":[{"count":30,"href":"https:\/\/courtiassur.fr\/index.php\/wp-json\/wp\/v2\/pages\/382\/revisions"}],"predecessor-version":[{"id":689,"href":"https:\/\/courtiassur.fr\/index.php\/wp-json\/wp\/v2\/pages\/382\/revisions\/689"}],"up":[{"embeddable":true,"href":"https:\/\/courtiassur.fr\/index.php\/wp-json\/wp\/v2\/pages\/42"}],"wp:attachment":[{"href":"https:\/\/courtiassur.fr\/index.php\/wp-json\/wp\/v2\/media?parent=382"}],"curies":[{"name":"wp","href":"https:\/\/api.w.org\/{rel}","templated":true}]}}