{"id":165,"date":"2024-01-05T10:07:57","date_gmt":"2024-01-05T09:07:57","guid":{"rendered":"http:\/\/nmbcpmj.cluster029.hosting.ovh.net\/?page_id=165"},"modified":"2025-08-28T12:22:14","modified_gmt":"2025-08-28T10:22:14","slug":"prevoyance","status":"publish","type":"page","link":"https:\/\/courtiassur.fr\/index.php\/accueil\/les-produits-dassurances\/prevoyance\/","title":{"rendered":"Pr\u00e9voyance"},"content":{"rendered":"\n<figure class=\"wp-block-image aligncenter size-large is-resized\"><img loading=\"lazy\" decoding=\"async\" width=\"1024\" height=\"683\" src=\"http:\/\/nmbcpmj.cluster029.hosting.ovh.net\/wp-content\/uploads\/2024\/01\/prevoyance-1024x683.jpg\" alt=\"\" class=\"wp-image-211\" style=\"width:439px;height:auto\" srcset=\"https:\/\/courtiassur.fr\/wp-content\/uploads\/2024\/01\/prevoyance-1024x683.jpg 1024w, https:\/\/courtiassur.fr\/wp-content\/uploads\/2024\/01\/prevoyance-300x200.jpg 300w, https:\/\/courtiassur.fr\/wp-content\/uploads\/2024\/01\/prevoyance-768x512.jpg 768w, https:\/\/courtiassur.fr\/wp-content\/uploads\/2024\/01\/prevoyance-1536x1024.jpg 1536w, https:\/\/courtiassur.fr\/wp-content\/uploads\/2024\/01\/prevoyance-2048x1365.jpg 2048w\" sizes=\"auto, (max-width: 1024px) 100vw, 1024px\" \/><\/figure>\n\n\n\n<h3 class=\"wp-block-heading\"><strong>Anticipez les impr\u00e9vus de la vie<\/strong><\/h3>\n\n\n\n<p>L\u2019assurance pr\u00e9voyance est une solution essentielle pour se prot\u00e9ger contre les\u00a0<strong>al\u00e9as de la vie<\/strong>\u00a0: arr\u00eat de travail, invalidit\u00e9, perte d\u2019autonomie ou d\u00e9c\u00e8s.<br>Elle permet de\u00a0<strong>maintenir votre niveau de vie<\/strong>\u00a0et de\u00a0<strong>prot\u00e9ger vos proches<\/strong>\u00a0en cas d\u2019\u00e9v\u00e9nement grave, en compl\u00e9tant les prestations souvent insuffisantes de la S\u00e9curit\u00e9 sociale.<\/p>\n\n\n\n<div style=\"height:20px\" aria-hidden=\"true\" class=\"wp-block-spacer\"><\/div>\n\n\n\n<h3 class=\"wp-block-heading\"><strong>Pourquoi souscrire une pr\u00e9voyance ?<\/strong><\/h3>\n\n\n\n<ul class=\"wp-block-list\">\n<li><strong>Maintenir vos revenus<\/strong>&nbsp;en cas d\u2019incapacit\u00e9 temporaire ou permanente<\/li>\n\n\n\n<li><strong>Prot\u00e9ger votre famille<\/strong>&nbsp;avec un capital ou une rente en cas de d\u00e9c\u00e8s<\/li>\n\n\n\n<li><strong>Anticiper les frais li\u00e9s \u00e0 une perte d\u2019autonomie<\/strong><\/li>\n\n\n\n<li><strong>Pr\u00e9server votre patrimoine<\/strong>&nbsp;et \u00e9viter les difficult\u00e9s financi\u00e8res<\/li>\n\n\n\n<li><strong>Compl\u00e9ter les garanties de votre r\u00e9gime obligatoire<\/strong><\/li>\n<\/ul>\n\n\n\n<div style=\"height:20px\" aria-hidden=\"true\" class=\"wp-block-spacer\"><\/div>\n\n\n\n<h3 class=\"wp-block-heading\"><strong>Nos solutions de pr\u00e9voyance<\/strong><\/h3>\n\n\n\n<h4 class=\"wp-block-heading\">Pr\u00e9voyance D\u00e9c\u00e8s<\/h4>\n\n\n\n<ul class=\"wp-block-list\">\n<li>Versement d\u2019un&nbsp;<strong>capital<\/strong>&nbsp;ou d\u2019une&nbsp;<strong>rente<\/strong>&nbsp;aux b\u00e9n\u00e9ficiaires<\/li>\n\n\n\n<li>Garantie renforc\u00e9e en cas de d\u00e9c\u00e8s accidentel<\/li>\n\n\n\n<li>Protection financi\u00e8re imm\u00e9diate pour vos proches<\/li>\n<\/ul>\n\n\n\n<h4 class=\"wp-block-heading\">Incapacit\u00e9 &amp; Invalidit\u00e9<\/h4>\n\n\n\n<ul class=\"wp-block-list\">\n<li><strong>Indemnit\u00e9s journali\u00e8res<\/strong>&nbsp;en cas d\u2019arr\u00eat de travail (franchises courtes)<\/li>\n\n\n\n<li><strong>Rente d\u2019invalidit\u00e9<\/strong>&nbsp;selon le taux reconnu<\/li>\n\n\n\n<li>Maintien du niveau de vie en cas de perte de revenus<\/li>\n<\/ul>\n\n\n\n<h4 class=\"wp-block-heading\">Frais G\u00e9n\u00e9raux Professionnels<\/h4>\n\n\n\n<ul class=\"wp-block-list\">\n<li>Garantie d\u00e9di\u00e9e aux&nbsp;<strong>ind\u00e9pendants, professions lib\u00e9rales et chefs d\u2019entreprise<\/strong><\/li>\n\n\n\n<li>Prise en charge des&nbsp;<strong>charges fixes<\/strong>&nbsp;en cas d\u2019arr\u00eat de travail (loyer, salaires, \u00e9lectricit\u00e9, etc.)<\/li>\n\n\n\n<li>Maintien de l\u2019activit\u00e9 pendant la p\u00e9riode d\u2019invalidit\u00e9 ou d\u2019incapacit\u00e9<\/li>\n\n\n\n<li>Solution id\u00e9ale pour&nbsp;<strong>pr\u00e9server la p\u00e9rennit\u00e9 de votre entreprise<\/strong><\/li>\n<\/ul>\n\n\n\n<div style=\"height:20px\" aria-hidden=\"true\" class=\"wp-block-spacer\"><\/div>\n\n\n\n<h3 class=\"wp-block-heading\"><strong>Pour qui ?<\/strong><\/h3>\n\n\n\n<ul class=\"wp-block-list\">\n<li>Salari\u00e9s cadres et non-cadres<\/li>\n\n\n\n<li>Ind\u00e9pendants, professions lib\u00e9rales<\/li>\n\n\n\n<li>Artisans, Commer\u00e7ants<\/li>\n<\/ul>\n\n\n\n<p>Pour les travailleurs non salari\u00e9s &amp; ind\u00e9pendants (TNS), le contrat est \u00e9ligible en <strong><a href=\"https:\/\/courtiassur.fr\/index.php\/accueil\/lexique\/\" data-type=\"page\" data-id=\"175\">L<\/a><a href=\"https:\/\/courtiassur.fr\/index.php\/loi-madelin\/\" data-type=\"page\" data-id=\"700\">oi Madelin<\/a><\/strong><\/p>\n\n\n\n<div style=\"height:20px\" aria-hidden=\"true\" class=\"wp-block-spacer\"><\/div>\n\n\n\n<h3 class=\"wp-block-heading\"><strong>Demandez votre devis gratuit<\/strong><\/h3>\n\n\n\n<p>Vous souhaitez en savoir plus ou obtenir une simulation ?<br><strong><a href=\"https:\/\/courtiassur.fr\/index.php\/accueil\/contact\/\" data-type=\"page\" data-id=\"46\">Contactez-nous <\/a>d\u00e8s maintenant<\/strong>&nbsp;pour une \u00e9tude gratuite et sans engagement.<\/p>\n\n\n\n<p><\/p>\n\n\n\n<p><\/p>\n\n\n\n<p><\/p>\n","protected":false},"excerpt":{"rendered":"<p>Anticipez les impr\u00e9vus de la vie L\u2019assurance pr\u00e9voyance est une solution essentielle pour se prot\u00e9ger contre les\u00a0al\u00e9as de la vie\u00a0: [&hellip;]<\/p>\n","protected":false},"author":1,"featured_media":0,"parent":42,"menu_order":0,"comment_status":"closed","ping_status":"closed","template":"","meta":{"site-sidebar-layout":"default","site-content-layout":"","ast-site-content-layout":"","site-content-style":"default","site-sidebar-style":"default","ast-global-header-display":"","ast-banner-title-visibility":"","ast-main-header-display":"","ast-hfb-above-header-display":"","ast-hfb-below-header-display":"","ast-hfb-mobile-header-display":"","site-post-title":"","ast-breadcrumbs-content":"","ast-featured-img":"","footer-sml-layout":"","theme-transparent-header-meta":"","adv-header-id-meta":"","stick-header-meta":"","header-above-stick-meta":"","header-main-stick-meta":"","header-below-stick-meta":"","astra-migrate-meta-layouts":"default","ast-page-background-enabled":"default","ast-page-background-meta":{"desktop":{"background-color":"var(--ast-global-color-4)","background-image":"","background-repeat":"repeat","background-position":"center center","background-size":"auto","background-attachment":"scroll","background-type":"","background-media":"","overlay-type":"","overlay-color":"","overlay-gradient":""},"tablet":{"background-color":"","background-image":"","background-repeat":"repeat","background-position":"center center","background-size":"auto","background-attachment":"scroll","background-type":"","background-media":"","overlay-type":"","overlay-color":"","overlay-gradient":""},"mobile":{"background-color":"","background-image":"","background-repeat":"repeat","background-position":"center center","background-size":"auto","background-attachment":"scroll","background-type":"","background-media":"","overlay-type":"","overlay-color":"","overlay-gradient":""}},"ast-content-background-meta":{"desktop":{"background-color":"var(--ast-global-color-5)","background-image":"","background-repeat":"repeat","background-position":"center center","background-size":"auto","background-attachment":"scroll","background-type":"","background-media":"","overlay-type":"","overlay-color":"","overlay-gradient":""},"tablet":{"background-color":"var(--ast-global-color-5)","background-image":"","background-repeat":"repeat","background-position":"center center","background-size":"auto","background-attachment":"scroll","background-type":"","background-media":"","overlay-type":"","overlay-color":"","overlay-gradient":""},"mobile":{"background-color":"var(--ast-global-color-5)","background-image":"","background-repeat":"repeat","background-position":"center center","background-size":"auto","background-attachment":"scroll","background-type":"","background-media":"","overlay-type":"","overlay-color":"","overlay-gradient":""}},"footnotes":""},"class_list":["post-165","page","type-page","status-publish","hentry"],"jetpack_sharing_enabled":true,"_links":{"self":[{"href":"https:\/\/courtiassur.fr\/index.php\/wp-json\/wp\/v2\/pages\/165","targetHints":{"allow":["GET"]}}],"collection":[{"href":"https:\/\/courtiassur.fr\/index.php\/wp-json\/wp\/v2\/pages"}],"about":[{"href":"https:\/\/courtiassur.fr\/index.php\/wp-json\/wp\/v2\/types\/page"}],"author":[{"embeddable":true,"href":"https:\/\/courtiassur.fr\/index.php\/wp-json\/wp\/v2\/users\/1"}],"replies":[{"embeddable":true,"href":"https:\/\/courtiassur.fr\/index.php\/wp-json\/wp\/v2\/comments?post=165"}],"version-history":[{"count":19,"href":"https:\/\/courtiassur.fr\/index.php\/wp-json\/wp\/v2\/pages\/165\/revisions"}],"predecessor-version":[{"id":739,"href":"https:\/\/courtiassur.fr\/index.php\/wp-json\/wp\/v2\/pages\/165\/revisions\/739"}],"up":[{"embeddable":true,"href":"https:\/\/courtiassur.fr\/index.php\/wp-json\/wp\/v2\/pages\/42"}],"wp:attachment":[{"href":"https:\/\/courtiassur.fr\/index.php\/wp-json\/wp\/v2\/media?parent=165"}],"curies":[{"name":"wp","href":"https:\/\/api.w.org\/{rel}","templated":true}]}}