{"id":161,"date":"2024-01-05T10:07:16","date_gmt":"2024-01-05T09:07:16","guid":{"rendered":"http:\/\/nmbcpmj.cluster029.hosting.ovh.net\/?page_id=161"},"modified":"2024-02-05T08:23:03","modified_gmt":"2024-02-05T07:23:03","slug":"deplacements-professionnels","status":"publish","type":"page","link":"https:\/\/courtiassur.fr\/index.php\/accueil\/les-produits-dassurances\/deplacements-professionnels\/","title":{"rendered":"D\u00e9placements Professionnels"},"content":{"rendered":"\n<figure class=\"wp-block-image alignright size-large is-resized\"><img loading=\"lazy\" decoding=\"async\" width=\"1024\" height=\"683\" src=\"http:\/\/nmbcpmj.cluster029.hosting.ovh.net\/wp-content\/uploads\/2024\/01\/deplacements-1-1024x683.jpg\" alt=\"\" class=\"wp-image-188\" style=\"width:452px;height:auto\" srcset=\"https:\/\/courtiassur.fr\/wp-content\/uploads\/2024\/01\/deplacements-1-1024x683.jpg 1024w, https:\/\/courtiassur.fr\/wp-content\/uploads\/2024\/01\/deplacements-1-300x200.jpg 300w, https:\/\/courtiassur.fr\/wp-content\/uploads\/2024\/01\/deplacements-1-768x512.jpg 768w, https:\/\/courtiassur.fr\/wp-content\/uploads\/2024\/01\/deplacements-1-1536x1024.jpg 1536w, https:\/\/courtiassur.fr\/wp-content\/uploads\/2024\/01\/deplacements-1-2048x1365.jpg 2048w\" sizes=\"auto, (max-width: 1024px) 100vw, 1024px\" \/><\/figure>\n\n\n\n<p>L&rsquo;assurance d\u00e9placement professionnel est une assurance sp\u00e9cifiquement con\u00e7ue pour couvrir les risques auxquels un travailleur peut \u00eatre confront\u00e9 lors d&rsquo;un voyage pour des raisons professionnelles.<br>Cette couverture peut inclure un large \u00e9ventail de situations, par exemple :<br>&#8211; les soins m\u00e9dicaux d&rsquo;urgence \u00e0 l&rsquo;\u00e9tranger,<br>&#8211; l&rsquo;annulation, l&rsquo;interruption ou le report d&rsquo;un voyage pour raisons professionnelles,<br>&#8211; la perte ou le vol de bagages,<br>&#8211; la responsabilit\u00e9 civile.<\/p>\n\n\n\n<p>Le niveau de couverture et les sp\u00e9cificit\u00e9s du contrat peuvent varier en fonction de l&rsquo;assureur et des besoins sp\u00e9cifiques du travailleur ou de l&rsquo;entreprise souscrivant au contrat. Il faut toujours consulter les conditions du contrat pour comprendre en d\u00e9tail ce qui est pris en charge.<\/p>\n\n\n\n<p><\/p>\n","protected":false},"excerpt":{"rendered":"<p>L&rsquo;assurance d\u00e9placement professionnel est une assurance sp\u00e9cifiquement con\u00e7ue pour couvrir les risques auxquels un travailleur peut \u00eatre confront\u00e9 lors d&rsquo;un [&hellip;]<\/p>\n","protected":false},"author":1,"featured_media":0,"parent":42,"menu_order":0,"comment_status":"closed","ping_status":"closed","template":"","meta":{"site-sidebar-layout":"default","site-content-layout":"","ast-site-content-layout":"","site-content-style":"default","site-sidebar-style":"default","ast-global-header-display":"","ast-banner-title-visibility":"","ast-main-header-display":"","ast-hfb-above-header-display":"","ast-hfb-below-header-display":"","ast-hfb-mobile-header-display":"","site-post-title":"","ast-breadcrumbs-content":"","ast-featured-img":"","footer-sml-layout":"","theme-transparent-header-meta":"","adv-header-id-meta":"","stick-header-meta":"","header-above-stick-meta":"","header-main-stick-meta":"","header-below-stick-meta":"","astra-migrate-meta-layouts":"default","ast-page-background-enabled":"default","ast-page-background-meta":{"desktop":{"background-color":"var(--ast-global-color-4)","background-image":"","background-repeat":"repeat","background-position":"center center","background-size":"auto","background-attachment":"scroll","background-type":"","background-media":"","overlay-type":"","overlay-color":"","overlay-gradient":""},"tablet":{"background-color":"","background-image":"","background-repeat":"repeat","background-position":"center center","background-size":"auto","background-attachment":"scroll","background-type":"","background-media":"","overlay-type":"","overlay-color":"","overlay-gradient":""},"mobile":{"background-color":"","background-image":"","background-repeat":"repeat","background-position":"center center","background-size":"auto","background-attachment":"scroll","background-type":"","background-media":"","overlay-type":"","overlay-color":"","overlay-gradient":""}},"ast-content-background-meta":{"desktop":{"background-color":"var(--ast-global-color-5)","background-image":"","background-repeat":"repeat","background-position":"center center","background-size":"auto","background-attachment":"scroll","background-type":"","background-media":"","overlay-type":"","overlay-color":"","overlay-gradient":""},"tablet":{"background-color":"var(--ast-global-color-5)","background-image":"","background-repeat":"repeat","background-position":"center center","background-size":"auto","background-attachment":"scroll","background-type":"","background-media":"","overlay-type":"","overlay-color":"","overlay-gradient":""},"mobile":{"background-color":"var(--ast-global-color-5)","background-image":"","background-repeat":"repeat","background-position":"center center","background-size":"auto","background-attachment":"scroll","background-type":"","background-media":"","overlay-type":"","overlay-color":"","overlay-gradient":""}},"footnotes":""},"class_list":["post-161","page","type-page","status-publish","hentry"],"jetpack_sharing_enabled":true,"_links":{"self":[{"href":"https:\/\/courtiassur.fr\/index.php\/wp-json\/wp\/v2\/pages\/161","targetHints":{"allow":["GET"]}}],"collection":[{"href":"https:\/\/courtiassur.fr\/index.php\/wp-json\/wp\/v2\/pages"}],"about":[{"href":"https:\/\/courtiassur.fr\/index.php\/wp-json\/wp\/v2\/types\/page"}],"author":[{"embeddable":true,"href":"https:\/\/courtiassur.fr\/index.php\/wp-json\/wp\/v2\/users\/1"}],"replies":[{"embeddable":true,"href":"https:\/\/courtiassur.fr\/index.php\/wp-json\/wp\/v2\/comments?post=161"}],"version-history":[{"count":6,"href":"https:\/\/courtiassur.fr\/index.php\/wp-json\/wp\/v2\/pages\/161\/revisions"}],"predecessor-version":[{"id":467,"href":"https:\/\/courtiassur.fr\/index.php\/wp-json\/wp\/v2\/pages\/161\/revisions\/467"}],"up":[{"embeddable":true,"href":"https:\/\/courtiassur.fr\/index.php\/wp-json\/wp\/v2\/pages\/42"}],"wp:attachment":[{"href":"https:\/\/courtiassur.fr\/index.php\/wp-json\/wp\/v2\/media?parent=161"}],"curies":[{"name":"wp","href":"https:\/\/api.w.org\/{rel}","templated":true}]}}